{"id":4714,"date":"2017-02-15T18:46:47","date_gmt":"2017-02-15T17:46:47","guid":{"rendered":"http:\/\/brunovienne.com\/?page_id=4714"},"modified":"2020-11-10T17:18:31","modified_gmt":"2020-11-10T16:18:31","slug":"presentation","status":"publish","type":"page","link":"http:\/\/brunovienne.com\/index.php\/presentation\/","title":{"rendered":"Pr\u00e9sentation"},"content":{"rendered":"<p><strong>Vivre la nature<\/strong><\/p>\n<p>Pendant des nombreuses ann\u00e9es&nbsp;j&rsquo;ai consacr\u00e9 ma vie \u00e0 faire des films sur la nature et la recherche int\u00e9rieure,<br>\naujourd&rsquo;hui j&rsquo;ai envie de partager avec vous&nbsp;ce parcours&nbsp;atypique &#8230;<br>\nSouvent certains \u00e9tudiants en cin\u00e9ma me demandent quelle est la recette pour devenir cin\u00e9aste et comment s&rsquo;y prendre ?<br>\n\u00c0 cette question je pourrai bien r\u00e9pondre en donnant toutes sortes de pistes techniques ou relationnelles<br>\nmais quand je regarde ma vie avec le recul je suis tent\u00e9 de leur r\u00e9pondre la formule de &nbsp;Socrate \u00ab\u00a0Connais toi, toi m\u00eame\u00a0\u00bb,<br>\ncherches profond\u00e9ment qui tu es et laisses toi guider int\u00e9rieurement par la vie qui bouillonne en toi.<br>\nCette \u00e9nergie vitale nous ram\u00e8ne justement au centre de nous-m\u00eame, de notre monde int\u00e9rieur, de notre&nbsp;\u00e9cologie interne.<\/p>\n<p>En r\u00e9alisant des films sur les animaux sauvages au milieu des parcs qui se veulent les derniers refuges et derniers paradis<br>\ncoup\u00e9s de notre monde civilis\u00e9 d\u00e9vastateur, j\u2019ai pu prendre conscience que nous l&rsquo;esp\u00e8ce humaine, nous nous sommes aussi<br>\ncoup\u00e9s de la nature \u00e0 l\u2019int\u00e9rieur de notre \u00eatre. C&rsquo;est ainsi que nous sommes devenus les pr\u00e9dateurs de notre plan\u00e8te.<br>\nNous avons tellement investi le monde mat\u00e9riel que nous nous sommes \u00e9loign\u00e9s de nos propres corps, nous n&rsquo;habitons plus en nous-m\u00eame.<br>\nNous avons choisi en tant que passagers de cette terre, le mode de fonctionnement d&rsquo;un inconscient collectif<br>\nimpliquant la comp\u00e9tition et l\u2019utilisation de sources d\u2019\u00e9nergies non renouvelables sur lesquelles nous sp\u00e9culons.<br>\nNous surfons sur un processus mortif\u00e8re o\u00f9 le principe de vie est exploit\u00e9, maltrait\u00e9, d\u00e9t\u00e9rior\u00e9, modifi\u00e9 artificiellement.<\/p>\n<p>L\u2019\u00eatre humain poss\u00e8de le libre-arbitre et gr\u00e2ce \u00e0 ce libre-arbitre, il est aussi tout puissant. Il peut cr\u00e9er le pire comme le meilleur.<br>\nJusqu\u2019\u00e0 maintenant, l&rsquo;ambiance globale semble aller vers le pire sauf de rares exceptions, nous nous sommes englu\u00e9s dans la mati\u00e8re.<br>\nLe monde mat\u00e9riel a exerc\u00e9 un tel attrait que nous avons d\u00e9laiss\u00e9 la partie de nous de l\u2019iceberg qui se voit le moins.<br>\nCette partie cach\u00e9e est pour moi la clef de notre existence harmonieuse sur cette nouvelle terre en devenir.<\/p>\n<p>Cette&nbsp; partie laiss\u00e9e en friche me fascine et me passionne \u2026.<br>\nC\u2019est pr\u00e9cis\u00e9ment ces jungles inhabit\u00e9es, ces lieux d\u00e9serts, ces endroits hors des sentiers battus qui m\u2019int\u00e9ressent<br>\net je voudrais vous inviter \u00e0 les d\u00e9couvrir jour apr\u00e8s jour. J\u2019ai eu le plaisir de vivre avec les peuples premiers, de suivre les f\u00e9lins, les dauphins, les \u00e9l\u00e9phants et les oiseaux migrateurs.<br>\nApr\u00e8s avoir visit\u00e9 des endroits o\u00f9 la nature se d\u00e9ploie dans toute sa splendeur, je me suis rendu compte qu&rsquo;elle est aussi l\u00e0, en nous-m\u00eame en miroir,<br>\ncomme une respiration profonde se vide pour se remplir de force et d&rsquo;\u00e9nergie. Elle nous attend dans la vibration des battements de notre coeur .<br>\nC&rsquo;est \u00e0 chacun d&rsquo;entre nous de retrouver cette saveur, ce bonheur de vivre tout simplement en appr\u00e9ciant chaque instant.<\/p>\n<p><em>Ma motivation est surtout transmettre le message du bon sens de la vie, du plaisir d&rsquo;\u00eatre, de la puissance vitale, de la r\u00e9g\u00e9n\u00e9ration.<br>\nCe sentiment profond de faire parti du grand tout et qui se manifeste en une myriade d&rsquo;\u00e9tincelles de joie .<br>\nPour moi, c&rsquo;est accepter avec humilit\u00e9 que tout est l\u00e0, que nous sommes simplement les gardiens d\u2019un paradis, <\/em><em>nous avons juste \u00e0 vraiment \u00eatre pr\u00e9sent \u00e0 qui nous sommes.<\/em><\/p>\n<p>Bruno Vienne<\/p>\n\n\n<p><\/p>\n","protected":false},"excerpt":{"rendered":"<p>Vivre la nature Pendant des nombreuses ann\u00e9es&nbsp;j&rsquo;ai consacr\u00e9 ma vie \u00e0 faire des films sur la nature et la recherche int\u00e9rieure, aujourd&rsquo;hui j&rsquo;ai envie de partager avec vous&nbsp;ce parcours&nbsp;atypique &#8230; Souvent certains \u00e9tudiants en cin\u00e9ma me demandent quelle est la [&hellip;]<\/p>\n","protected":false},"author":1,"featured_media":4932,"parent":0,"menu_order":2,"comment_status":"closed","ping_status":"closed","template":"","meta":[],"_links":{"self":[{"href":"http:\/\/brunovienne.com\/index.php\/wp-json\/wp\/v2\/pages\/4714"}],"collection":[{"href":"http:\/\/brunovienne.com\/index.php\/wp-json\/wp\/v2\/pages"}],"about":[{"href":"http:\/\/brunovienne.com\/index.php\/wp-json\/wp\/v2\/types\/page"}],"author":[{"embeddable":true,"href":"http:\/\/brunovienne.com\/index.php\/wp-json\/wp\/v2\/users\/1"}],"replies":[{"embeddable":true,"href":"http:\/\/brunovienne.com\/index.php\/wp-json\/wp\/v2\/comments?post=4714"}],"version-history":[{"count":14,"href":"http:\/\/brunovienne.com\/index.php\/wp-json\/wp\/v2\/pages\/4714\/revisions"}],"predecessor-version":[{"id":5744,"href":"http:\/\/brunovienne.com\/index.php\/wp-json\/wp\/v2\/pages\/4714\/revisions\/5744"}],"wp:featuredmedia":[{"embeddable":true,"href":"http:\/\/brunovienne.com\/index.php\/wp-json\/wp\/v2\/media\/4932"}],"wp:attachment":[{"href":"http:\/\/brunovienne.com\/index.php\/wp-json\/wp\/v2\/media?parent=4714"}],"curies":[{"name":"wp","href":"https:\/\/api.w.org\/{rel}","templated":true}]}}