{"id":4698,"date":"2017-02-15T18:33:27","date_gmt":"2017-02-15T17:33:27","guid":{"rendered":"http:\/\/brunovienne.com\/?page_id=4698"},"modified":"2023-09-16T19:35:18","modified_gmt":"2023-09-16T17:35:18","slug":"films-aventures","status":"publish","type":"page","link":"http:\/\/brunovienne.com\/index.php\/filmographie\/films-aventures\/","title":{"rendered":"Films Aventures"},"content":{"rendered":"<h4><strong>Films sur l&rsquo;aventure humaine :<\/strong><\/h4>\n<p><strong>\u00ab\u00a0Retour au Kham\u00a0\u00bb<br \/>\n<\/strong>52\u2019 GV Films International Canal+, diffusion dans 20 pays (<em>Tournage au TIBET<\/em>)<br \/>\nCe documentaire retrace la visite d&rsquo;un Lama tib\u00e9tain dans son pays d&rsquo;origine<br \/>\napr\u00e8s trente ans d&rsquo;exil forc\u00e9. Apr\u00e8s le passage des arm\u00e9es de Mao,<br \/>\nPhend\u00e9 Rimpoch\u00e9 tente de \u00ab\u00a0re-conna\u00eetre\u00a0\u00bb son pays exsangue et sans chef religieux.<\/p>\n<p><iframe title=\"Retour au Kham\" src=\"https:\/\/player.vimeo.com\/video\/89432464?dnt=1&amp;app_id=122963\" width=\"500\" height=\"375\" frameborder=\"0\" allow=\"autoplay; fullscreen; picture-in-picture\"><\/iframe><\/p>\n<p><strong>\u00ab\u00a0Tibet, Regard de Femmes\u00a0\u00bb<br \/>\n<\/strong>26\u2019 MFP et Mona Lisa Productions France 3 (<em>Tournage au TIBET et en CHINE<\/em>),<br \/>\nEn 1959, des milliers de Tib\u00e9tains, fuyant l&rsquo;invasion chinoise, suivent leur chef spirituel,le Dala\u00ef-Lama, vers l&rsquo;exil.<br \/>\nCertains d&rsquo;entre eux partent au d\u00e9but des ann\u00e9es soixante en Europe et aux \u00c9tats-Unis.<br \/>\nDickie, Rinzing et Dechen, toutes trois n\u00e9es en France, nous parlent d&rsquo;un Tibet mythique et pr\u00e9sent \u00e0 la fois,<br \/>\nsur des images tourn\u00e9es sur les hauts plateaux du Tibet oriental. Elles d\u00e9couvrent des facettes de la vie quotidienne<br \/>\nde leur peuple rest\u00e9 l\u00e0-bas, dans une nature grandiose et encore intacte, s&rsquo;enthousiasmant pour la beaut\u00e9 des femmes et de leurs chants.<br \/>\nPourtant, l&rsquo;\u00e9ventualit\u00e9 d&rsquo;un retour au Tibet n&rsquo;est pas sans susciter une certaine appr\u00e9hension. \u00c9lev\u00e9es \u00e0 l&rsquo;occidentale, fi\u00e8res d&rsquo;\u00eatre tib\u00e9taines,<br \/>\nc&rsquo;est avec beaucoup de sagesse qu&rsquo;elles font face \u00e0 leur qu\u00eate d&rsquo;identit\u00e9, car pour elles comme pour tous les Tib\u00e9tains,<br \/>\nla vraie libert\u00e9 est celle de l&rsquo;esprit.<\/p>\n<p><img loading=\"lazy\" class=\"alignnone size-full wp-image-4973\" src=\"http:\/\/brunovienne.com\/wp-content\/uploads\/2017\/02\/Loup-Bruno-torunage.jpg\" alt=\"\" width=\"425\" height=\"232\" \/><\/p>\n<p><strong>\u00ab\u00a0\u00c0 Pas de Loup\u00a0\u00bb<\/strong><br \/>\n52\u2019 Mona Lisa Productions Plan\u00e8te, National Geographic, TMC (<em>Tournage en FRANCE<\/em>)<br \/>\nC\u2019est \u00e0 pas de loup que nous entrons dans un domaine un peu pol\u00e9mique de l\u2019actualit\u00e9.<br \/>\nLa r\u00e9apparition du loup en Europe. rencontrer diff\u00e9rents personnages qui sont directement en contact avec l\u2019univers du loup :<br \/>\nG\u00e9rard M\u00e9natory, journaliste et \u00e9crivain, fondateur du parc du G\u00e9vaudan en Loz\u00e8re : il consacre sa vie depuis 30 ans \u00e0 la r\u00e9habilitation du loup.<br \/>\nAlain Lanteri et Gilbert Rossi, tous deux gardes du parc national du Mercantour, charg\u00e9s de veiller aux bons rapports entre les hommes<br \/>\net les loups \u00e0 travers la protection de la faune et de la flore.<br \/>\nBrigitte Bardot, dont la fondation a sauv\u00e9 80 loups de Mongolie d\u2019un trafic de fourrures, recueillis par le parc de Sainte Lucie&#8230;<br \/>\nMais les principaux acteurs sont les loups eux-m\u00eames aux prises avec notre \u00e9quipe de cin\u00e9astes qui les filme depuis deux ans.<\/p>\n<p><img loading=\"lazy\" class=\"alignnone size-full wp-image-4974\" src=\"http:\/\/brunovienne.com\/wp-content\/uploads\/2017\/02\/LOUP-TOURNAGE.jpg\" alt=\"\" width=\"425\" height=\"278\" \/><\/p>\n<p><img loading=\"lazy\" class=\"alignnone size-full wp-image-4975\" src=\"http:\/\/brunovienne.com\/wp-content\/uploads\/2017\/02\/Anne-3.jpg\" alt=\"\" width=\"425\" height=\"278\" \/><\/p>\n<p><strong>\u00ab\u00a0Fille de Loup\u00a0\u00bb<\/strong><br \/>\n26\u2019 L\u00e9o Production France 5.<br \/>\nEn plein c\u0153ur de la Loz\u00e8re, plus d&rsquo;une centaine de loups \u00e9voluent en semi-libert\u00e9 dans un paysage l\u00e9gendaire&#8230;<br \/>\nDans cet univers privil\u00e9gi\u00e9, ils ont retrouv\u00e9 l&rsquo;essentiel de leurs comportements sauvages, notamment en ce qui concerne<br \/>\nla structure sociale, la reproduction et l&rsquo;\u00e9ducation des jeunes. Anne M\u00e9natory a h\u00e9rit\u00e9 de son p\u00e8re une infinie passion pour les loups :<br \/>\nelle poursuit inlassablement des observations fascinantes de leurs comportements sociaux. Elle \u00e9volue depuis son enfance au milieu des loups,<br \/>\ninsensible \u00e0 l&rsquo;influence de ceux qui assimilent un peu trop vite le loup \u00e0 la \u00ab\u00a0c\u00e9l\u00e8bre\u00a0\u00bb B\u00eate du G\u00e9vaudan.<\/p>\n<p><strong>\u00ab\u00a0Les Lycaons, Hors la loi de la Savane\u00a0\u00bb<br \/>\n<\/strong>52\u2019L\u00e9o ProductionFrance 3 (<em>Tournage au Botswana et au Zimbabw\u00e9<\/em>)<br \/>\nAvec ses taches sales et ses oreilles de chauve-souris, le lycaon est le mal-aim\u00e9 de la savane.<br \/>\nJean-Fran\u00e7ois et Isabelle, tous deux v\u00e9t\u00e9rinaires, partent avec leur petite fille Julie en Afrique<br \/>\nsur les traces de ce chien sauvage.<\/p>\n<p><iframe title=\"Les lycaons, hors-la-loi de la savane\" src=\"https:\/\/player.vimeo.com\/video\/89430432?dnt=1&amp;app_id=122963\" width=\"500\" height=\"375\" frameborder=\"0\" allow=\"autoplay; fullscreen; picture-in-picture\"><\/iframe><\/p>\n<p><strong>\u00ab\u00a0Mission Kalaweit\u00a0\u00bb<br \/>\n<\/strong>26\u2019 L\u00e9o Production France 5 (<em>Tournage \u00e0 Born\u00e9o<\/em>)<br \/>\nA Born\u00e9o, Aur\u00e9lien Brul\u00e9 dirige le programme de protection des gibbons.<br \/>\nCeux-ci sont en effet menac\u00e9s par la d\u00e9forestation et la chasse.<br \/>\nRencontre avec un passionn\u00e9.<\/p>\n<p><iframe title=\"Mission Kalaweit\" src=\"https:\/\/player.vimeo.com\/video\/89431687?dnt=1&amp;app_id=122963\" width=\"500\" height=\"375\" frameborder=\"0\" allow=\"autoplay; fullscreen; picture-in-picture\"><\/iframe><\/p>\n<p><strong>\u00ab\u00a0Paul Watson: L\u2019\u0153il du Cachalot\u00a0\u00bb<br \/>\n<\/strong>52\u2019 Mona Lisa Productions\u00a0France 3 (<em>Tournage Canada, Shetland, \u00eeles F\u00e9ro\u00e9, Gal\u00e1pagos<\/em>)<br \/>\nL&rsquo;organisation \u00ab\u00a0Sea Shepherd Conservation Society\u00a0\u00bb a \u00e9t\u00e9 cr\u00e9\u00e9e en 1974 pour pr\u00e9server les esp\u00e8ces marines.<br \/>\nPaul Watson, son fondateur, est un passionn\u00e9 des c\u00e9tac\u00e9s. Ancien de Greenpeace, il agit via des op\u00e9rations<br \/>\ncommando pour sauver ces animaux du braconnage.<\/p>\n<p><iframe title=\"Paul Watson, l&#039;oeil du cachalot\" src=\"https:\/\/player.vimeo.com\/video\/88767203?dnt=1&amp;app_id=122963\" width=\"500\" height=\"281\" frameborder=\"0\" allow=\"autoplay; fullscreen; picture-in-picture\"><\/iframe><\/p>\n<p><strong>Aventures de Femmes\u00a0<\/strong>:<br \/>\n<strong>\u00ab\u00a0V\u00e9ronique Breuil, Arch\u00e9ologue au pays des Maya\u00a0\u00bb<\/strong><br \/>\n26\u2019 L\u00e9o Production, France 5 (<em>Tournage au Guat\u00e9mala<\/em>)<br \/>\nV\u00e9ronique Breuil dirige les fouilles de la Joyanca, une cit\u00e9 maya du Guatemala.<br \/>\nLa t\u00e2che est titanesque : les ruines doivent \u00eatre arrach\u00e9es \u00e0 la v\u00e9g\u00e9tation qui les recouvre.<br \/>\nUn film qui permet de d\u00e9couvrir le m\u00e9tier d&rsquo;arch\u00e9ologue et une r\u00e9gion guat\u00e9malt\u00e8que.<\/p>\n<p><iframe title=\"Ve\u0301ronique Breuil : arche\u0301ologue au pays des Mayas\" src=\"https:\/\/player.vimeo.com\/video\/89483493?dnt=1&amp;app_id=122963\" width=\"500\" height=\"375\" frameborder=\"0\" allow=\"autoplay; fullscreen; picture-in-picture\"><\/iframe><\/p>\n<p><strong>\u00ab\u00a0Birut\u00e9 Galdikas, Passion Orangs-Outans\u00a0\u00bb<br \/>\n<\/strong>52&prime; Mona Lisa Production France 3, ZDF (Tournage en Indon\u00e9sie)<br \/>\n.L\u2019histoire \u00e9tonnante d&rsquo;une femme qui a r\u00e9ussi \u00e0 se faire accepter des orangs-outans,<br \/>\nqu\u2019elle prot\u00e8ge avec force. Une femme d&rsquo;exception qui partage le combat de ses \u00ab\u00a0s\u0153urs\u00a0\u00bb primatologues :<br \/>\nDiane Fossey avec les gorilles, Jane Goodall avec les chimpanz\u00e9s.<\/p>\n<p><iframe title=\"Birute\u0301 Galdikas, passion orang-outan\" src=\"https:\/\/player.vimeo.com\/video\/89429906?dnt=1&amp;app_id=122963\" width=\"500\" height=\"281\" frameborder=\"0\" allow=\"autoplay; fullscreen; picture-in-picture\"><\/iframe><\/p>\n<p><strong>\u00ab\u00a0Missions Gibbons \u00e0 Born\u00e9o\u00a0\u00bb<br \/>\n<\/strong>52&prime; Guilgamesh Productions,France 3 et Espace Vert (<em>Tournage en Indon\u00e9sie<\/em>)<br \/>\nEn cinq ans \u00e0 peine, au prix d&rsquo;une incroyable t\u00e9nacit\u00e9 Aur\u00e9lien Brul\u00e9 dit \u00ab\u00a0Chanee\u00a0\u00bb<br \/>\na r\u00e9ussi \u00e0 monter \u00e0 lui tout seul, un projet de r\u00e9habilitation du gibbons (primate d&rsquo;Asie du Sud Est)<br \/>\nreconnu par les scientifiques du monde entier. Ce documentaire nous emm\u00e8ne \u00e0 Born\u00e9o<br \/>\net nous fait d\u00e9couvrir le travail de l&rsquo;Association KALAWEIT (gibbon en Dayak Ngaja, dialecte de Born\u00e9o).<br \/>\nApr\u00e8s des ann\u00e9es de captivit\u00e9 un couple de gibbons (Pablo et Men\u00e8s) va \u00eatre pour la premi\u00e8re fois<br \/>\nau monde r\u00e9introduit dans la nature.<\/p>\n<p><strong>\u00ab\u00a0En Famille Chez les Ours \u00e0 Lunettes\u00a0\u00bb<\/strong> 52&prime;<br \/>\nGuilgamesh\u00a0 Production et Espace Vert, Canal+\u00a0(<em>Tournage en Equateur<\/em>)<br \/>\nThomas et Emma, respectivement 9 ans et 8 ans, vivent en Equateur.<br \/>\nLeurs parents sont cin\u00e9astes animaliers. Ils ont l&rsquo;habitude de passer leurs vacances en famille,<br \/>\n\u00e0 la d\u00e9couverte d&rsquo;animaux incroyables. Au programme cette fois-ci, aller planter leur tente<br \/>\nen montagne pour remettre en libert\u00e9 une femelle ourse \u00e0 lunettes.<br \/>\nAu milieu des Andes Equatoriennes, toute la famille va d\u00e9couvrir le biotope des seuls ours<br \/>\nvivants en Am\u00e9rique du Sud. Un \u00e9merveillement partag\u00e9 entre parents et enfants&#8230;<\/p>\n<p><strong>\u00ab\u00a0Le Voyage de Chencho\u00a0\u00bb<br \/>\n<\/strong>r\u00e9alisation Jeanne Mascolo et Bruno Vienne<br \/>\n52&prime; Cin\u00e9teve-France 5 (<em>Tournage au Bhoutan et en France<\/em>)<br \/>\nAdopt\u00e9 au Bhoutan \u00e0 l&rsquo;\u00e2ge de 2 ans, Chencho retourne dans son pays d&rsquo;origine avec sa famille.<br \/>\nUn voyage initiatique qui va permettre au jeune gar\u00e7on de faire la connaissance de sa m\u00e8re biologique<br \/>\net de renouer avec ses racines.\u00a0 Le voyage sera aussi l&rsquo;occasion pour lui non seulement de revoir la maman<br \/>\nqui lui a donn\u00e9 la vie mais aussi ses fr\u00e8res et soeurs. Entre l&rsquo;a\u00e9roport et Thimphu, la capitale, o\u00f9 vivent ces derniers,<br \/>\ntrois heures de route les attendent. Un trajet qu&rsquo;ils vont reporter de quelques jours, le temps n\u00e9cessaire \u00e0 Chencho<br \/>\net \u00e0 sa maman de se pr\u00e9parer \u00e0 une rencontre qu&rsquo;ils appr\u00e9hendent tous deux pour des raisons diff\u00e9rentes.<\/p>\n<p><iframe title=\"&quot;Le Voyage de Chencho&quot;\" src=\"https:\/\/player.vimeo.com\/video\/91812107?dnt=1&amp;app_id=122963\" width=\"500\" height=\"400\" frameborder=\"0\" allow=\"autoplay; fullscreen; picture-in-picture\"><\/iframe><\/p>\n<p>Membre de l\u2019Exp\u00e9dition <strong>TARA ARCTIC 2006 \u2013 2007<\/strong> au P\u00f4le Nord<br \/>\n\u00c9quipier de l\u2019exp\u00e9dition \u00e0 bord de Tara en tant que r\u00e9alisateur et chef op\u00e9rateur du premier hivernage de l\u2019exp\u00e9dition.<br \/>\nParti de Lorient le 11 juillet 2006, le voilier scientifique polaire Tara a commenc\u00e9 en septembre 2006,<br \/>\nune d\u00e9rive arctique qui devait durer deux ans et n\u2019allait durer qu\u2019un an et demi<br \/>\nA cause de la fonte dramatique de la banquise. L&rsquo;exp\u00e9dition, dirig\u00e9e par Etienne Bourgois,<br \/>\ns&rsquo;inscrit dans le cadre de l&rsquo;Ann\u00e9e Polaire Internationale (API) 2007-2009.<br \/>\nElle est un partenaire majeur du programme europ\u00e9en scientifique Damocles.<br \/>\nAu carrefour de la science, de la technologie, de la p\u00e9dagogie et de la communication,<br \/>\nTara Arctic est une grande aventure humaine qui a la volont\u00e9 de sensibiliser les citoyens<br \/>\nde la plan\u00e8te sur l\u2019importance des \u00e9quilibres \u00e9cologiques.<\/p>\n<p><img loading=\"lazy\" class=\"alignnone size-full wp-image-4976\" src=\"http:\/\/brunovienne.com\/wp-content\/uploads\/2017\/02\/La-debacle-559.jpg\" alt=\"\" width=\"425\" height=\"283\" \/><\/p>\n<p><strong>\u201cPrisonniers Volontaires de la Banquise\u201d<br \/>\n<\/strong>52\u2019MC4 productions,Plan\u00e8te Thalassa (<em>Tournage pendant 8 mois durant la nuit polaire sur Tara prise dans les glaces de l\u2019Arctique, P\u00f4le Nord<\/em>)<br \/>\nCe film nous raconte l\u2019\u00e9pop\u00e9e de la premi\u00e8re partie de la longue d\u00e9rive\u00a0 de l\u2019exp\u00e9dition Tara au c\u0153ur de l\u2019oc\u00e9an gel\u00e9 arctique.<br \/>\nDeux chiens et huit petits hommes au milieu de l\u2019immensit\u00e9 blanche, enferm\u00e9s dans la longue nuit polaire vivent une aventure<br \/>\no\u00f9 la moindre erreur peut \u00eatre fatale, l\u2019univers de glace est aussi fascinant qu\u2019impitoyable. Nous partagerons la vie \u00e0 bord ainsi<br \/>\nque les \u00e9motions de l\u2019\u00e9quipage qui se trouve confront\u00e9 \u00e0 l\u2019inconnu comme en visite sur une autre plan\u00e8te o\u00f9 ils vont apprendre<br \/>\n\u00e0 vivre sur et avec la banquise.<\/p>\n<p><img loading=\"lazy\" class=\"alignnone size-full wp-image-4977\" src=\"http:\/\/brunovienne.com\/wp-content\/uploads\/2017\/02\/La-debacle-575.jpg\" alt=\"\" width=\"425\" height=\"283\" \/><\/p>\n<p><strong>\u201cVoyage au C\u0153ur de la Machine Climatique\u201d<br \/>\n<\/strong><strong>Chef op\u00e9rateur\u00a0<\/strong>90\u2019 MC4 productions<br \/>\nARTE. \u00a0Damocles regroupe plus de cent scientifiques sp\u00e9cialistes de l\u2019Oc\u00e9an Arctique. \u00c0 bord de Tara, ces scientifiques r\u00e9alisent<br \/>\ndes mesures dans l\u2019oc\u00e9an, de la glace et de l\u2019atmosph\u00e8re et testent des prototypes capables de transmettre des donn\u00e9es en surface,<br \/>\nmais aussi sous la glace. Quinze scientifiques de sept nationalit\u00e9s diff\u00e9rentes sont venus participer \u00e0 la rel\u00e8ve en avril 2007<br \/>\nde l\u2019\u00e9quipe de huit personnes qui a hivern\u00e9 \u00e0 bord de Tara depuis le mois de septembre 2006.<br \/>\nApr\u00e8s deux rotations, dix personnes (7 hommes et 3 femmes) sortiront la go\u00e9lette des glaces beaucoup plus t\u00f4t que pr\u00e9vu en f\u00e9vrier 2008.<\/p>\n<p><iframe title=\"Tara Arctic\" src=\"https:\/\/player.vimeo.com\/video\/89486281?dnt=1&amp;app_id=122963\" width=\"500\" height=\"400\" frameborder=\"0\" allow=\"autoplay; fullscreen; picture-in-picture\"><\/iframe><\/p>\n<p><img loading=\"lazy\" class=\"alignnone size-full wp-image-4987\" src=\"http:\/\/brunovienne.com\/wp-content\/uploads\/2017\/02\/DAUPHINS-Photo1-2.jpg\" alt=\"\" width=\"591\" height=\"394\" \/><\/p>\n<p><strong>\u00ab\u00a0Dauphins ambassadeurs, les messagers de la mer\u00a0\u00bb<br \/>\n<\/strong>52\u2019 Mona Lisa production ARTE (diffusion juillet 2011) (<em>tournage en\u00a0France et en Irlande<\/em>)<br \/>\nFr\u00e9d\u00e9rique Pichard et Jan Ploeg entretiennent une relation intense<br \/>\net affective avec les dauphins ambassadeurs Dony et Dusty.<\/p>\n<p><iframe title=\"Dauphins Ambassadeurs, les Messagers de la mer(1)\" src=\"https:\/\/player.vimeo.com\/video\/88763562?dnt=1&amp;app_id=122963\" width=\"500\" height=\"281\" frameborder=\"0\" allow=\"autoplay; fullscreen; picture-in-picture\"><\/iframe><\/p>\n<p><img loading=\"lazy\" class=\"alignnone size-full wp-image-4988\" src=\"http:\/\/brunovienne.com\/wp-content\/uploads\/2017\/02\/DAUPHINS-Photo2.jpg\" alt=\"\" width=\"591\" height=\"334\" \/><\/p>\n","protected":false},"excerpt":{"rendered":"<p>Films sur l&rsquo;aventure humaine : \u00ab\u00a0Retour au Kham\u00a0\u00bb 52\u2019 GV Films International Canal+, diffusion dans 20 pays (Tournage au TIBET) Ce documentaire retrace la visite d&rsquo;un Lama tib\u00e9tain dans son pays d&rsquo;origine apr\u00e8s trente ans d&rsquo;exil forc\u00e9. Apr\u00e8s le passage [&hellip;]<\/p>\n","protected":false},"author":1,"featured_media":4751,"parent":4612,"menu_order":6,"comment_status":"closed","ping_status":"closed","template":"","meta":[],"_links":{"self":[{"href":"http:\/\/brunovienne.com\/index.php\/wp-json\/wp\/v2\/pages\/4698"}],"collection":[{"href":"http:\/\/brunovienne.com\/index.php\/wp-json\/wp\/v2\/pages"}],"about":[{"href":"http:\/\/brunovienne.com\/index.php\/wp-json\/wp\/v2\/types\/page"}],"author":[{"embeddable":true,"href":"http:\/\/brunovienne.com\/index.php\/wp-json\/wp\/v2\/users\/1"}],"replies":[{"embeddable":true,"href":"http:\/\/brunovienne.com\/index.php\/wp-json\/wp\/v2\/comments?post=4698"}],"version-history":[{"count":14,"href":"http:\/\/brunovienne.com\/index.php\/wp-json\/wp\/v2\/pages\/4698\/revisions"}],"predecessor-version":[{"id":5847,"href":"http:\/\/brunovienne.com\/index.php\/wp-json\/wp\/v2\/pages\/4698\/revisions\/5847"}],"up":[{"embeddable":true,"href":"http:\/\/brunovienne.com\/index.php\/wp-json\/wp\/v2\/pages\/4612"}],"wp:featuredmedia":[{"embeddable":true,"href":"http:\/\/brunovienne.com\/index.php\/wp-json\/wp\/v2\/media\/4751"}],"wp:attachment":[{"href":"http:\/\/brunovienne.com\/index.php\/wp-json\/wp\/v2\/media?parent=4698"}],"curies":[{"name":"wp","href":"https:\/\/api.w.org\/{rel}","templated":true}]}}